{"id":142,"date":"2016-09-27T07:36:50","date_gmt":"2016-09-27T05:36:50","guid":{"rendered":"http:\/\/niikkula.fi\/?page_id=142"},"modified":"2024-04-23T07:48:02","modified_gmt":"2024-04-23T05:48:02","slug":"kulttuuria","status":"publish","type":"page","link":"http:\/\/niikkula.fi\/?page_id=142","title":{"rendered":"Kulttuuria"},"content":{"rendered":"<p><a href=\"http:\/\/niikkula.fi\/wp-content\/uploads\/2016\/09\/Lapintiainen-2016.jpg\"><img decoding=\"async\" loading=\"lazy\" class=\"alignleft wp-image-178\" src=\"http:\/\/niikkula.fi\/wp-content\/uploads\/2016\/09\/Lapintiainen-2016-800x600.jpg\" alt=\"\" width=\"400\" height=\"300\" srcset=\"http:\/\/niikkula.fi\/wp-content\/uploads\/2016\/09\/Lapintiainen-2016-800x600.jpg 800w, http:\/\/niikkula.fi\/wp-content\/uploads\/2016\/09\/Lapintiainen-2016-768x576.jpg 768w, http:\/\/niikkula.fi\/wp-content\/uploads\/2016\/09\/Lapintiainen-2016-1024x768.jpg 1024w, http:\/\/niikkula.fi\/wp-content\/uploads\/2016\/09\/Lapintiainen-2016-1200x900.jpg 1200w\" sizes=\"(max-width: 400px) 100vw, 400px\" \/><\/a><a href=\"https:\/\/kuvataiteilijamatrikkeli.fi\/aakkosellinen-hakemisto-taiteilijoista\">Kuvataiteilijamatrikkeli<\/a><\/p>\n<p><a href=\"http:\/\/www.makupalat.fi\">H\u00e4meenlinnan kaupunginkirjaston Makupalat<\/a><\/p>\n<p><a href=\"http:\/\/www.hml-taideyhdistys.fi\/yhteystiedot.htm\">H\u00e4meenlinnan seudun taideyhdistys<\/a><\/p>\n<p><a href=\"https:\/\/www.booky.fi\/\">Booky (kirjakauppa verkossa)<\/a><\/p>\n<p><a href=\"https:\/\/orivesiennenvanhaan.wordpress.com\/\">Vanhaa Orivett\u00e4<\/a><\/p>\n<p><a href=\"http:\/\/kaino.kotus.fi\/sms\/?p=main\">Suomen murteiden sanakirja<\/a><\/p>\n<p><a href=\"http:\/\/muistojenhml.fi\">Muistojen H\u00e4meenlinna<\/a><\/p>\n<p><a href=\"https:\/\/www.orivedenkampus.fi\/\">Oriveden kampus<\/a><\/p>\n<p><a href=\"https:\/\/kulttuurimedia.fi\/\">Kultturimedia (H\u00e4meenlinna)<\/a><\/p>\n","protected":false},"excerpt":{"rendered":"<div class=\"mh-excerpt\"><p>Kuvataiteilijamatrikkeli H\u00e4meenlinnan kaupunginkirjaston Makupalat H\u00e4meenlinnan seudun taideyhdistys Booky (kirjakauppa verkossa) Vanhaa Orivett\u00e4 Suomen murteiden sanakirja Muistojen H\u00e4meenlinna Oriveden kampus Kultturimedia (H\u00e4meenlinna)<\/p>\n<\/div>","protected":false},"author":1,"featured_media":0,"parent":0,"menu_order":0,"comment_status":"closed","ping_status":"closed","template":"","meta":[],"_links":{"self":[{"href":"http:\/\/niikkula.fi\/index.php?rest_route=\/wp\/v2\/pages\/142"}],"collection":[{"href":"http:\/\/niikkula.fi\/index.php?rest_route=\/wp\/v2\/pages"}],"about":[{"href":"http:\/\/niikkula.fi\/index.php?rest_route=\/wp\/v2\/types\/page"}],"author":[{"embeddable":true,"href":"http:\/\/niikkula.fi\/index.php?rest_route=\/wp\/v2\/users\/1"}],"replies":[{"embeddable":true,"href":"http:\/\/niikkula.fi\/index.php?rest_route=%2Fwp%2Fv2%2Fcomments&post=142"}],"version-history":[{"count":18,"href":"http:\/\/niikkula.fi\/index.php?rest_route=\/wp\/v2\/pages\/142\/revisions"}],"predecessor-version":[{"id":823,"href":"http:\/\/niikkula.fi\/index.php?rest_route=\/wp\/v2\/pages\/142\/revisions\/823"}],"wp:attachment":[{"href":"http:\/\/niikkula.fi\/index.php?rest_route=%2Fwp%2Fv2%2Fmedia&parent=142"}],"curies":[{"name":"wp","href":"https:\/\/api.w.org\/{rel}","templated":true}]}}